{"id":153,"date":"2024-04-17T09:34:41","date_gmt":"2024-04-17T09:34:41","guid":{"rendered":"https:\/\/laserundmehr.at\/?page_id=153"},"modified":"2024-10-30T14:53:26","modified_gmt":"2024-10-30T14:53:26","slug":"aktionen","status":"publish","type":"page","link":"https:\/\/laserundmehr.at\/?page_id=153","title":{"rendered":"Aktionen"},"content":{"rendered":"\n<div class=\"wp-block-group is-nowrap is-layout-flex wp-container-core-group-is-layout-ad2f72ca wp-block-group-is-layout-flex\">\n<p><strong>Fr\u00fchst\u00fccks Brett f\u00fcr Kinder nur \u20ac15,-<\/strong><\/p>\n\n\n\n<figure class=\"wp-block-image size-large is-resized\"><img loading=\"lazy\" decoding=\"async\" width=\"768\" height=\"1024\" src=\"https:\/\/laserundmehr.at\/wp-content\/uploads\/2024\/04\/1-768x1024.jpg\" alt=\"\" class=\"wp-image-154\" style=\"width:536px;height:auto\" srcset=\"https:\/\/laserundmehr.at\/wp-content\/uploads\/2024\/04\/1-768x1024.jpg 768w, https:\/\/laserundmehr.at\/wp-content\/uploads\/2024\/04\/1-225x300.jpg 225w, https:\/\/laserundmehr.at\/wp-content\/uploads\/2024\/04\/1-1152x1536.jpg 1152w, https:\/\/laserundmehr.at\/wp-content\/uploads\/2024\/04\/1-1536x2048.jpg 1536w, https:\/\/laserundmehr.at\/wp-content\/uploads\/2024\/04\/1-600x800.jpg 600w, https:\/\/laserundmehr.at\/wp-content\/uploads\/2024\/04\/1-scaled.jpg 1920w\" sizes=\"auto, (max-width: 768px) 100vw, 768px\" \/><\/figure>\n<\/div>\n\n\n\n<div class=\"wp-block-group is-nowrap is-layout-flex wp-container-core-group-is-layout-ad2f72ca wp-block-group-is-layout-flex\">\n<figure class=\"wp-block-image size-large is-resized\"><img loading=\"lazy\" decoding=\"async\" width=\"811\" height=\"1024\" src=\"https:\/\/laserundmehr.at\/wp-content\/uploads\/2024\/04\/2-1-811x1024.jpg\" alt=\"\" class=\"wp-image-156\" style=\"width:547px;height:auto\" srcset=\"https:\/\/laserundmehr.at\/wp-content\/uploads\/2024\/04\/2-1-811x1024.jpg 811w, https:\/\/laserundmehr.at\/wp-content\/uploads\/2024\/04\/2-1-238x300.jpg 238w, https:\/\/laserundmehr.at\/wp-content\/uploads\/2024\/04\/2-1-768x970.jpg 768w, https:\/\/laserundmehr.at\/wp-content\/uploads\/2024\/04\/2-1-1216x1536.jpg 1216w, https:\/\/laserundmehr.at\/wp-content\/uploads\/2024\/04\/2-1-1622x2048.jpg 1622w, https:\/\/laserundmehr.at\/wp-content\/uploads\/2024\/04\/2-1-600x758.jpg 600w, https:\/\/laserundmehr.at\/wp-content\/uploads\/2024\/04\/2-1-scaled.jpg 2027w\" sizes=\"auto, (max-width: 811px) 100vw, 811px\" \/><\/figure>\n\n\n\n<p><strong>Serviettenringe 10 Stk. nur \u20ac15,-<\/strong><\/p>\n<\/div>\n\n\n\n<div class=\"wp-block-group is-nowrap is-layout-flex wp-container-core-group-is-layout-ad2f72ca wp-block-group-is-layout-flex\">\n<p><strong>Schieferplatte mit Gravur nur \u20ac19,90<\/strong><\/p>\n\n\n\n<figure class=\"wp-block-image size-large is-resized\"><img loading=\"lazy\" decoding=\"async\" width=\"768\" height=\"1024\" src=\"https:\/\/laserundmehr.at\/wp-content\/uploads\/2024\/04\/3-768x1024.jpg\" alt=\"\" class=\"wp-image-157\" style=\"width:372px;height:auto\" srcset=\"https:\/\/laserundmehr.at\/wp-content\/uploads\/2024\/04\/3-768x1024.jpg 768w, https:\/\/laserundmehr.at\/wp-content\/uploads\/2024\/04\/3-225x300.jpg 225w, https:\/\/laserundmehr.at\/wp-content\/uploads\/2024\/04\/3-1152x1536.jpg 1152w, https:\/\/laserundmehr.at\/wp-content\/uploads\/2024\/04\/3-1536x2048.jpg 1536w, https:\/\/laserundmehr.at\/wp-content\/uploads\/2024\/04\/3-600x800.jpg 600w, https:\/\/laserundmehr.at\/wp-content\/uploads\/2024\/04\/3-scaled.jpg 1920w\" sizes=\"auto, (max-width: 768px) 100vw, 768px\" \/><\/figure>\n\n\n\n<figure class=\"wp-block-image size-large is-resized\"><img loading=\"lazy\" decoding=\"async\" width=\"768\" height=\"1024\" src=\"https:\/\/laserundmehr.at\/wp-content\/uploads\/2024\/04\/7-768x1024.jpg\" alt=\"\" class=\"wp-image-160\" style=\"width:372px;height:auto\" srcset=\"https:\/\/laserundmehr.at\/wp-content\/uploads\/2024\/04\/7-768x1024.jpg 768w, https:\/\/laserundmehr.at\/wp-content\/uploads\/2024\/04\/7-225x300.jpg 225w, https:\/\/laserundmehr.at\/wp-content\/uploads\/2024\/04\/7-1152x1536.jpg 1152w, https:\/\/laserundmehr.at\/wp-content\/uploads\/2024\/04\/7-600x800.jpg 600w, https:\/\/laserundmehr.at\/wp-content\/uploads\/2024\/04\/7.jpg 1500w\" sizes=\"auto, (max-width: 768px) 100vw, 768px\" \/><\/figure>\n<\/div>\n\n\n\n<div class=\"wp-block-group is-nowrap is-layout-flex wp-container-core-group-is-layout-ad2f72ca wp-block-group-is-layout-flex\">\n<figure class=\"wp-block-image size-large is-resized\"><img loading=\"lazy\" decoding=\"async\" width=\"1024\" height=\"605\" src=\"https:\/\/laserundmehr.at\/wp-content\/uploads\/2024\/04\/5-1-1024x605.jpg\" alt=\"\" class=\"wp-image-184\" style=\"width:519px;height:auto\" srcset=\"https:\/\/laserundmehr.at\/wp-content\/uploads\/2024\/04\/5-1-1024x605.jpg 1024w, https:\/\/laserundmehr.at\/wp-content\/uploads\/2024\/04\/5-1-300x177.jpg 300w, https:\/\/laserundmehr.at\/wp-content\/uploads\/2024\/04\/5-1-768x454.jpg 768w, https:\/\/laserundmehr.at\/wp-content\/uploads\/2024\/04\/5-1-600x354.jpg 600w, https:\/\/laserundmehr.at\/wp-content\/uploads\/2024\/04\/5-1.jpg 1349w\" sizes=\"auto, (max-width: 1024px) 100vw, 1024px\" \/><\/figure>\n\n\n\n<figure class=\"wp-block-image size-full is-resized\"><img loading=\"lazy\" decoding=\"async\" width=\"750\" height=\"1000\" src=\"https:\/\/laserundmehr.at\/wp-content\/uploads\/2024\/04\/11.jpg\" alt=\"\" class=\"wp-image-186\" style=\"width:359px;height:auto\" srcset=\"https:\/\/laserundmehr.at\/wp-content\/uploads\/2024\/04\/11.jpg 750w, https:\/\/laserundmehr.at\/wp-content\/uploads\/2024\/04\/11-225x300.jpg 225w, https:\/\/laserundmehr.at\/wp-content\/uploads\/2024\/04\/11-600x800.jpg 600w\" sizes=\"auto, (max-width: 750px) 100vw, 750px\" \/><\/figure>\n<\/div>\n\n\n\n<div class=\"wp-block-columns is-layout-flex wp-container-core-columns-is-layout-9d6595d7 wp-block-columns-is-layout-flex\">\n<div class=\"wp-block-column is-layout-flow wp-block-column-is-layout-flow\" style=\"flex-basis:100%\"><\/div>\n<\/div>\n\n\n\n<div class=\"wp-block-group is-nowrap is-layout-flex wp-container-core-group-is-layout-ad2f72ca wp-block-group-is-layout-flex\">\n<figure class=\"wp-block-image size-large is-resized\"><img loading=\"lazy\" decoding=\"async\" width=\"768\" height=\"1024\" src=\"https:\/\/laserundmehr.at\/wp-content\/uploads\/2024\/04\/Baby-768x1024.jpg\" alt=\"\" class=\"wp-image-158\" style=\"width:547px;height:auto\" srcset=\"https:\/\/laserundmehr.at\/wp-content\/uploads\/2024\/04\/Baby-768x1024.jpg 768w, https:\/\/laserundmehr.at\/wp-content\/uploads\/2024\/04\/Baby-225x300.jpg 225w, https:\/\/laserundmehr.at\/wp-content\/uploads\/2024\/04\/Baby-1152x1536.jpg 1152w, https:\/\/laserundmehr.at\/wp-content\/uploads\/2024\/04\/Baby-600x800.jpg 600w, https:\/\/laserundmehr.at\/wp-content\/uploads\/2024\/04\/Baby.jpg 1536w\" sizes=\"auto, (max-width: 768px) 100vw, 768px\" \/><\/figure>\n\n\n\n<p><strong>&nbsp;Baby mit Gravur nur \u20ac19,90<\/strong><\/p>\n<\/div>\n\n\n\n<div class=\"wp-block-group is-nowrap is-layout-flex wp-container-core-group-is-layout-ad2f72ca wp-block-group-is-layout-flex\">\n<p><strong>Schild auf Buche \u20ac19,90<\/strong>                          <\/p>\n\n\n\n<figure class=\"wp-block-image size-large is-resized\"><img loading=\"lazy\" decoding=\"async\" width=\"768\" height=\"1024\" src=\"https:\/\/laserundmehr.at\/wp-content\/uploads\/2024\/04\/9-768x1024.jpg\" alt=\"\" class=\"wp-image-189\" style=\"width:484px;height:auto\" srcset=\"https:\/\/laserundmehr.at\/wp-content\/uploads\/2024\/04\/9-768x1024.jpg 768w, https:\/\/laserundmehr.at\/wp-content\/uploads\/2024\/04\/9-225x300.jpg 225w, https:\/\/laserundmehr.at\/wp-content\/uploads\/2024\/04\/9-600x800.jpg 600w, https:\/\/laserundmehr.at\/wp-content\/uploads\/2024\/04\/9.jpg 900w\" sizes=\"auto, (max-width: 768px) 100vw, 768px\" \/><\/figure>\n<\/div>\n\n\n\n<div class=\"wp-block-group is-nowrap is-layout-flex wp-container-core-group-is-layout-ad2f72ca wp-block-group-is-layout-flex\">\n<figure class=\"wp-block-image size-large is-resized\"><img loading=\"lazy\" decoding=\"async\" width=\"768\" height=\"1024\" src=\"https:\/\/laserundmehr.at\/wp-content\/uploads\/2024\/04\/10-768x1024.jpg\" alt=\"\" class=\"wp-image-190\" style=\"width:563px;height:auto\" srcset=\"https:\/\/laserundmehr.at\/wp-content\/uploads\/2024\/04\/10-768x1024.jpg 768w, https:\/\/laserundmehr.at\/wp-content\/uploads\/2024\/04\/10-225x300.jpg 225w, https:\/\/laserundmehr.at\/wp-content\/uploads\/2024\/04\/10-600x800.jpg 600w, https:\/\/laserundmehr.at\/wp-content\/uploads\/2024\/04\/10.jpg 900w\" sizes=\"auto, (max-width: 768px) 100vw, 768px\" \/><\/figure>\n\n\n\n<p>       <strong>Bier\u00f6ffner nur \u20ac 8,-<\/strong><\/p>\n<\/div>\n\n\n\n<div class=\"wp-block-group is-nowrap is-layout-flex wp-container-core-group-is-layout-ad2f72ca wp-block-group-is-layout-flex\">\n<p><strong>Willkommensschild nur \u20ac 9,90<\/strong>                          <\/p>\n\n\n\n<figure class=\"wp-block-image size-large is-resized\"><img loading=\"lazy\" decoding=\"async\" width=\"768\" height=\"1024\" src=\"https:\/\/laserundmehr.at\/wp-content\/uploads\/2024\/04\/6-768x1024.jpg\" alt=\"\" class=\"wp-image-187\" style=\"width:484px;height:auto\" srcset=\"https:\/\/laserundmehr.at\/wp-content\/uploads\/2024\/04\/6-768x1024.jpg 768w, https:\/\/laserundmehr.at\/wp-content\/uploads\/2024\/04\/6-225x300.jpg 225w, https:\/\/laserundmehr.at\/wp-content\/uploads\/2024\/04\/6-600x800.jpg 600w, https:\/\/laserundmehr.at\/wp-content\/uploads\/2024\/04\/6.jpg 900w\" sizes=\"auto, (max-width: 768px) 100vw, 768px\" \/><\/figure>\n<\/div>\n\n\n\n<div class=\"wp-block-group is-nowrap is-layout-flex wp-container-core-group-is-layout-ad2f72ca wp-block-group-is-layout-flex\">\n<figure class=\"wp-block-image size-large is-resized\"><img loading=\"lazy\" decoding=\"async\" width=\"768\" height=\"1024\" src=\"https:\/\/laserundmehr.at\/wp-content\/uploads\/2024\/04\/8-768x1024.jpg\" alt=\"\" class=\"wp-image-188\" style=\"width:541px;height:auto\" srcset=\"https:\/\/laserundmehr.at\/wp-content\/uploads\/2024\/04\/8-768x1024.jpg 768w, https:\/\/laserundmehr.at\/wp-content\/uploads\/2024\/04\/8-225x300.jpg 225w, https:\/\/laserundmehr.at\/wp-content\/uploads\/2024\/04\/8-600x800.jpg 600w, https:\/\/laserundmehr.at\/wp-content\/uploads\/2024\/04\/8.jpg 900w\" sizes=\"auto, (max-width: 768px) 100vw, 768px\" \/><\/figure>\n\n\n\n<p><strong>Herz Anh\u00e4nger nur \u20ac 9,90<\/strong><\/p>\n<\/div>\n\n\n\n<div class=\"wp-block-group is-nowrap is-layout-flex wp-container-core-group-is-layout-ad2f72ca wp-block-group-is-layout-flex\">\n<p><strong>Caketopper nur \u20ac 9,90<\/strong><\/p>\n\n\n\n<figure class=\"wp-block-image size-large is-resized\"><img loading=\"lazy\" decoding=\"async\" width=\"768\" height=\"1024\" src=\"https:\/\/laserundmehr.at\/wp-content\/uploads\/2024\/04\/4-768x1024.jpg\" alt=\"\" class=\"wp-image-185\" style=\"width:484px;height:auto\" srcset=\"https:\/\/laserundmehr.at\/wp-content\/uploads\/2024\/04\/4-768x1024.jpg 768w, https:\/\/laserundmehr.at\/wp-content\/uploads\/2024\/04\/4-225x300.jpg 225w, https:\/\/laserundmehr.at\/wp-content\/uploads\/2024\/04\/4-1152x1536.jpg 1152w, https:\/\/laserundmehr.at\/wp-content\/uploads\/2024\/04\/4-1536x2048.jpg 1536w, https:\/\/laserundmehr.at\/wp-content\/uploads\/2024\/04\/4-600x800.jpg 600w, https:\/\/laserundmehr.at\/wp-content\/uploads\/2024\/04\/4-scaled.jpg 1920w\" sizes=\"auto, (max-width: 768px) 100vw, 768px\" \/><\/figure>\n<\/div>\n\n\n\n<p><\/p>\n\n\n\n<div class=\"wp-block-group is-nowrap is-layout-flex wp-container-core-group-is-layout-ad2f72ca wp-block-group-is-layout-flex\">\n<figure class=\"wp-block-image size-full is-resized\"><img loading=\"lazy\" decoding=\"async\" width=\"900\" height=\"943\" src=\"https:\/\/laserundmehr.at\/wp-content\/uploads\/2024\/04\/original-D92DB75A-8B1B-48A6-B708-F6AB1C2FAD9D.jpeg\" alt=\"\" class=\"wp-image-207\" style=\"width:541px;height:auto\" srcset=\"https:\/\/laserundmehr.at\/wp-content\/uploads\/2024\/04\/original-D92DB75A-8B1B-48A6-B708-F6AB1C2FAD9D.jpeg 900w, https:\/\/laserundmehr.at\/wp-content\/uploads\/2024\/04\/original-D92DB75A-8B1B-48A6-B708-F6AB1C2FAD9D-286x300.jpeg 286w, https:\/\/laserundmehr.at\/wp-content\/uploads\/2024\/04\/original-D92DB75A-8B1B-48A6-B708-F6AB1C2FAD9D-768x805.jpeg 768w, https:\/\/laserundmehr.at\/wp-content\/uploads\/2024\/04\/original-D92DB75A-8B1B-48A6-B708-F6AB1C2FAD9D-600x629.jpeg 600w\" sizes=\"auto, (max-width: 900px) 100vw, 900px\" \/><\/figure>\n\n\n\n<p><strong>Serviettenringe 10 St\u00fcck nur \u20ac14,90<\/strong><\/p>\n<\/div>\n\n\n\n<p><\/p>\n","protected":false},"excerpt":{"rendered":"<p>Fr\u00fchst\u00fccks Brett f\u00fcr Kinder nur \u20ac15,- Serviettenringe 10 Stk. nur \u20ac15,- Schieferplatte mit Gravur nur \u20ac19,90 &nbsp;Baby mit Gravur nur \u20ac19,90 Schild auf Buche \u20ac19,90 Bier\u00f6ffner nur \u20ac 8,- Willkommensschild nur \u20ac<\/p>\n<a class=\"moretag noptoppad\" href=\"https:\/\/laserundmehr.at\/?page_id=153\">Read More...<\/a>","protected":false},"author":1,"featured_media":0,"parent":0,"menu_order":0,"comment_status":"closed","ping_status":"closed","template":"","meta":{"footnotes":""},"class_list":["post-153","page","type-page","status-publish","hentry"],"_links":{"self":[{"href":"https:\/\/laserundmehr.at\/index.php?rest_route=\/wp\/v2\/pages\/153","targetHints":{"allow":["GET"]}}],"collection":[{"href":"https:\/\/laserundmehr.at\/index.php?rest_route=\/wp\/v2\/pages"}],"about":[{"href":"https:\/\/laserundmehr.at\/index.php?rest_route=\/wp\/v2\/types\/page"}],"author":[{"embeddable":true,"href":"https:\/\/laserundmehr.at\/index.php?rest_route=\/wp\/v2\/users\/1"}],"replies":[{"embeddable":true,"href":"https:\/\/laserundmehr.at\/index.php?rest_route=%2Fwp%2Fv2%2Fcomments&post=153"}],"version-history":[{"count":11,"href":"https:\/\/laserundmehr.at\/index.php?rest_route=\/wp\/v2\/pages\/153\/revisions"}],"predecessor-version":[{"id":267,"href":"https:\/\/laserundmehr.at\/index.php?rest_route=\/wp\/v2\/pages\/153\/revisions\/267"}],"wp:attachment":[{"href":"https:\/\/laserundmehr.at\/index.php?rest_route=%2Fwp%2Fv2%2Fmedia&parent=153"}],"curies":[{"name":"wp","href":"https:\/\/api.w.org\/{rel}","templated":true}]}}